{"id":8,"date":"2026-04-08T07:42:25","date_gmt":"2026-04-08T07:42:25","guid":{"rendered":"https:\/\/www.bonzaistudio.fr\/?page_id=8"},"modified":"2026-04-08T21:29:02","modified_gmt":"2026-04-08T21:29:02","slug":"studio-animation-3d","status":"publish","type":"page","link":"https:\/\/www.bonzaistudio.com\/studio-animation-3d\/","title":{"rendered":"Le Studio"},"content":{"rendered":"\t\t<div data-elementor-type=\"wp-post\" data-elementor-id=\"8\" class=\"elementor elementor-8\" data-elementor-post-type=\"page\">\n\t\t\t\t<div class=\"elementor-element elementor-element-41be040 e-flex e-con-boxed e-con e-parent\" data-id=\"41be040\" data-element_type=\"container\" data-e-type=\"container\" data-settings=\"{&quot;background_background&quot;:&quot;classic&quot;}\">\n\t\t\t\t\t<div class=\"e-con-inner\">\n\t\t\t\t\t\t\t<h1 \n\t\tdata-interaction-id=\"92f53eb\" \n\t\tclass=\"e-92f53eb-e5389d0 e-heading-base\" \n\t\t \n\t\tdata-e-type=\"widget\" data-id=\"92f53eb\"\n\t>\n\t\n\t\t\tLE STUDIO\n\t\t<\/h1>\n\t\t\t\t<div class=\"elementor-element elementor-element-6c6242e elementor-widget__width-initial elementor-widget-mobile__width-inherit elementor-invisible elementor-widget elementor-widget-text-editor\" data-id=\"6c6242e\" data-element_type=\"widget\" data-e-type=\"widget\" data-settings=\"{&quot;_animation&quot;:&quot;fadeInLeft&quot;}\" data-widget_type=\"text-editor.default\">\n\t\t\t\t\t\t\t\t\t<p><strong>Bonza\u00ef Studio<\/strong> est une filiale de l\u2019agence de communication <a href=\"https:\/\/www.lagriffe.com\" target=\"_blank\" rel=\"noopener\">LA GRIFFE<\/a>, bas\u00e9e \u00e0 Dijon. Cr\u00e9\u00e9 en 2008, le studio\u00a0 est sp\u00e9cialis\u00e9 dans l\u2019animation 3D, le motion design,\u00a0 la 3D interactive et l&rsquo;illustration. Gr\u00e2ce \u00e0 une expertise combin\u00e9e en marketing, communication globale, vid\u00e9o et <a href=\"https:\/\/www.bonzaistudio.com\/\">animation 3D<\/a>, notre \u00e9quipe agile et pluridisciplinaire vous accompagne et vous conseille au mieux dans tous vos projets.<\/p>\t\t\t\t\t\t\t\t<\/div>\n\t\t\t\t<div class=\"elementor-element elementor-element-f447d59 elementor-widget__width-initial elementor-widget-mobile__width-inherit elementor-invisible elementor-widget elementor-widget-text-editor\" data-id=\"f447d59\" data-element_type=\"widget\" data-e-type=\"widget\" data-settings=\"{&quot;_animation&quot;:&quot;fadeInLeft&quot;}\" data-widget_type=\"text-editor.default\">\n\t\t\t\t\t\t\t\t\t<p><em>Ce site est en cours de modification, revenez sur cette pas r\u00e9glulierement pour les prochaines mise \u00e0 jour<\/em><\/p>\t\t\t\t\t\t\t\t<\/div>\n\t\t\t\t\t<\/div>\n\t\t\t\t<\/div>\n\t\t<div class=\"elementor-element elementor-element-dbaacab e-con-full e-flex e-con e-parent\" data-id=\"dbaacab\" data-element_type=\"container\" data-e-type=\"container\" data-settings=\"{&quot;background_background&quot;:&quot;classic&quot;}\">\n\t\t\t\t<div class=\"elementor-element elementor-element-0811dac elementor-widget elementor-widget-image-carousel\" data-id=\"0811dac\" data-element_type=\"widget\" data-e-type=\"widget\" data-settings=\"{&quot;slides_to_show&quot;:&quot;5&quot;,&quot;slides_to_scroll&quot;:&quot;1&quot;,&quot;navigation&quot;:&quot;none&quot;,&quot;lazyload&quot;:&quot;yes&quot;,&quot;autoplay&quot;:&quot;yes&quot;,&quot;autoplay_speed&quot;:5000,&quot;infinite&quot;:&quot;yes&quot;,&quot;speed&quot;:500}\" data-widget_type=\"image-carousel.default\">\n\t\t\t\t\t\t\t<div class=\"elementor-image-carousel-wrapper swiper\" role=\"region\" aria-roledescription=\"carousel\" aria-label=\"Carrousel d\u2019images\" dir=\"rtl\">\n\t\t\t<div class=\"elementor-image-carousel swiper-wrapper\" aria-live=\"off\">\n\t\t\t\t\t\t\t\t<div class=\"swiper-slide\" role=\"group\" aria-roledescription=\"slide\" aria-label=\"1 sur 14\"><figure class=\"swiper-slide-inner\"><img class=\"swiper-slide-image swiper-lazy\" data-src=\"https:\/\/www.bonzaistudio.com\/wp-content\/uploads\/2026\/04\/perspective-3d-architectes-dijon-embassair-768x432.jpg\" alt=\"Image 3D d&#039;architecture dijon image et animation architecture\" \/><div class=\"swiper-lazy-preloader\"><\/div><\/figure><\/div><div class=\"swiper-slide\" role=\"group\" aria-roledescription=\"slide\" aria-label=\"2 sur 14\"><figure class=\"swiper-slide-inner\"><img class=\"swiper-slide-image swiper-lazy\" data-src=\"https:\/\/www.bonzaistudio.com\/wp-content\/uploads\/2026\/04\/modelisation_personnage-7-point-zero-bonzai-studio-768x432.jpg\" alt=\"animation 3d personnage dijon paris lyon\" \/><div class=\"swiper-lazy-preloader\"><\/div><\/figure><\/div><div class=\"swiper-slide\" role=\"group\" aria-roledescription=\"slide\" aria-label=\"3 sur 14\"><figure class=\"swiper-slide-inner\"><img class=\"swiper-slide-image swiper-lazy\" data-src=\"https:\/\/www.bonzaistudio.com\/wp-content\/uploads\/2026\/04\/modelisation-3D-produit-dijon-768x432.jpg\" alt=\"modelisation-3D-produit-dijon\" \/><div class=\"swiper-lazy-preloader\"><\/div><\/figure><\/div><div class=\"swiper-slide\" role=\"group\" aria-roledescription=\"slide\" aria-label=\"4 sur 14\"><figure class=\"swiper-slide-inner\"><img class=\"swiper-slide-image swiper-lazy\" data-src=\"https:\/\/www.bonzaistudio.com\/wp-content\/uploads\/2026\/04\/Image-3D-architecture-voisin-dijon-bonzaistudio-768x432.jpg\" alt=\"3D dijon : animation et image d&#039;architecture\" \/><div class=\"swiper-lazy-preloader\"><\/div><\/figure><\/div><div class=\"swiper-slide\" role=\"group\" aria-roledescription=\"slide\" aria-label=\"5 sur 14\"><figure class=\"swiper-slide-inner\"><img class=\"swiper-slide-image swiper-lazy\" data-src=\"https:\/\/www.bonzaistudio.com\/wp-content\/uploads\/2026\/04\/personnage-design-3D-bonzai-studio-cassissium-768x432.jpg\" alt=\"animation 3d personnage dijon paris lyon\" \/><div class=\"swiper-lazy-preloader\"><\/div><\/figure><\/div><div class=\"swiper-slide\" role=\"group\" aria-roledescription=\"slide\" aria-label=\"6 sur 14\"><figure class=\"swiper-slide-inner\"><img class=\"swiper-slide-image swiper-lazy\" data-src=\"https:\/\/www.bonzaistudio.com\/wp-content\/uploads\/2026\/04\/BONZAI-STUDIO-3D-architecture-dijon-768x432.jpg\" alt=\"animation 3D dijon image et animation promotion immobiliere\" \/><div class=\"swiper-lazy-preloader\"><\/div><\/figure><\/div><div class=\"swiper-slide\" role=\"group\" aria-roledescription=\"slide\" aria-label=\"7 sur 14\"><figure class=\"swiper-slide-inner\"><img class=\"swiper-slide-image swiper-lazy\" data-src=\"https:\/\/www.bonzaistudio.com\/wp-content\/uploads\/2026\/04\/architecture-3d-dijon-bfc-gavignet-bonzai-studio-768x432.jpg\" alt=\"Rendu 3D animation 3D dijon image et animation architecture\" \/><div class=\"swiper-lazy-preloader\"><\/div><\/figure><\/div><div class=\"swiper-slide\" role=\"group\" aria-roledescription=\"slide\" aria-label=\"8 sur 14\"><figure class=\"swiper-slide-inner\"><img class=\"swiper-slide-image swiper-lazy\" data-src=\"https:\/\/www.bonzaistudio.com\/wp-content\/uploads\/2026\/04\/architechture-studio-3D-bonzai-studio-768x432.jpg\" alt=\"Architecture 3d bourgogne\" \/><div class=\"swiper-lazy-preloader\"><\/div><\/figure><\/div><div class=\"swiper-slide\" role=\"group\" aria-roledescription=\"slide\" aria-label=\"9 sur 14\"><figure class=\"swiper-slide-inner\"><img class=\"swiper-slide-image swiper-lazy\" data-src=\"https:\/\/www.bonzaistudio.com\/wp-content\/uploads\/2026\/04\/3d_dijon_marcdebourgogne-768x432.jpg\" alt=\"3d_dijon_marcdebourgogne\" \/><div class=\"swiper-lazy-preloader\"><\/div><\/figure><\/div><div class=\"swiper-slide\" role=\"group\" aria-roledescription=\"slide\" aria-label=\"10 sur 14\"><figure class=\"swiper-slide-inner\"><img class=\"swiper-slide-image swiper-lazy\" data-src=\"https:\/\/www.bonzaistudio.com\/wp-content\/uploads\/2026\/04\/bonzai-studio-visuel-science-768x432.jpg\" alt=\"Motion design dijon\" \/><div class=\"swiper-lazy-preloader\"><\/div><\/figure><\/div><div class=\"swiper-slide\" role=\"group\" aria-roledescription=\"slide\" aria-label=\"11 sur 14\"><figure class=\"swiper-slide-inner\"><img class=\"swiper-slide-image swiper-lazy\" data-src=\"https:\/\/www.bonzaistudio.com\/wp-content\/uploads\/2026\/04\/3D-dijon-technique-Helite-airbag-DIJON-BFC-768x432.jpg\" alt=\"3D DIJON 3D paris\" \/><div class=\"swiper-lazy-preloader\"><\/div><\/figure><\/div><div class=\"swiper-slide\" role=\"group\" aria-roledescription=\"slide\" aria-label=\"12 sur 14\"><figure class=\"swiper-slide-inner\"><img class=\"swiper-slide-image swiper-lazy\" data-src=\"https:\/\/www.bonzaistudio.com\/wp-content\/uploads\/2026\/04\/bonzai-studio-animation-3d-architecture-768x432.jpg\" alt=\"animation 3D dijon image et animation architecture\" \/><div class=\"swiper-lazy-preloader\"><\/div><\/figure><\/div><div class=\"swiper-slide\" role=\"group\" aria-roledescription=\"slide\" aria-label=\"13 sur 14\"><figure class=\"swiper-slide-inner\"><img class=\"swiper-slide-image swiper-lazy\" data-src=\"https:\/\/www.bonzaistudio.com\/wp-content\/uploads\/2026\/04\/bonzai-studio-animation-3d-architecture-02-768x432.jpg\" alt=\"3D dijon image et animation architecture\" \/><div class=\"swiper-lazy-preloader\"><\/div><\/figure><\/div><div class=\"swiper-slide\" role=\"group\" aria-roledescription=\"slide\" aria-label=\"14 sur 14\"><figure class=\"swiper-slide-inner\"><img class=\"swiper-slide-image swiper-lazy\" data-src=\"https:\/\/www.bonzaistudio.com\/wp-content\/uploads\/2026\/04\/bonzai-studio-architecture-jour-768x432.jpg\" alt=\"3D dijon image et animation architecture\" \/><div class=\"swiper-lazy-preloader\"><\/div><\/figure><\/div>\t\t\t<\/div>\n\t\t\t\t\t\t\t\n\t\t\t\t\t\t\t\t\t<\/div>\n\t\t\t\t\t\t<\/div>\n\t\t\t\t<\/div>\n\t\t\t\t<\/div>\n\t\t","protected":false},"excerpt":{"rendered":"<p>LE STUDIO Bonza\u00ef Studio est une filiale de l\u2019agence de communication LA GRIFFE, bas\u00e9e \u00e0 Dijon. Cr\u00e9\u00e9 en 2008, le studio\u00a0 est sp\u00e9cialis\u00e9 dans l\u2019animation 3D, le motion design,\u00a0 la 3D interactive et l&rsquo;illustration. Gr\u00e2ce \u00e0 une expertise combin\u00e9e en marketing, communication globale, vid\u00e9o et animation 3D, notre \u00e9quipe agile et pluridisciplinaire vous accompagne et [&hellip;]<\/p>\n","protected":false},"author":1,"featured_media":0,"parent":0,"menu_order":0,"comment_status":"closed","ping_status":"closed","template":"","meta":{"footnotes":""},"class_list":["post-8","page","type-page","status-publish","hentry"],"_links":{"self":[{"href":"https:\/\/www.bonzaistudio.com\/wp-json\/wp\/v2\/pages\/8","targetHints":{"allow":["GET"]}}],"collection":[{"href":"https:\/\/www.bonzaistudio.com\/wp-json\/wp\/v2\/pages"}],"about":[{"href":"https:\/\/www.bonzaistudio.com\/wp-json\/wp\/v2\/types\/page"}],"author":[{"embeddable":true,"href":"https:\/\/www.bonzaistudio.com\/wp-json\/wp\/v2\/users\/1"}],"replies":[{"embeddable":true,"href":"https:\/\/www.bonzaistudio.com\/wp-json\/wp\/v2\/comments?post=8"}],"version-history":[{"count":61,"href":"https:\/\/www.bonzaistudio.com\/wp-json\/wp\/v2\/pages\/8\/revisions"}],"predecessor-version":[{"id":629,"href":"https:\/\/www.bonzaistudio.com\/wp-json\/wp\/v2\/pages\/8\/revisions\/629"}],"wp:attachment":[{"href":"https:\/\/www.bonzaistudio.com\/wp-json\/wp\/v2\/media?parent=8"}],"curies":[{"name":"wp","href":"https:\/\/api.w.org\/{rel}","templated":true}]}}