{"id":2,"date":"2026-02-22T12:12:41","date_gmt":"2026-02-22T12:12:41","guid":{"rendered":"http:\/\/www.bonzaistudio.fr\/?page_id=2"},"modified":"2026-04-08T20:14:42","modified_gmt":"2026-04-08T20:14:42","slug":"sample-page","status":"publish","type":"page","link":"https:\/\/www.bonzaistudio.com\/","title":{"rendered":"Animation 3D, images 3d, 3D interactive, motion design, post-production, Bonzai Studio Dijon"},"content":{"rendered":"\t\t<div data-elementor-type=\"wp-page\" data-elementor-id=\"2\" class=\"elementor elementor-2\" data-elementor-post-type=\"page\">\n\t\t\t\t<div class=\"elementor-element elementor-element-79c9a605 e-con-full e-flex e-con e-parent\" data-id=\"79c9a605\" data-element_type=\"container\" data-e-type=\"container\" data-settings=\"{&quot;background_background&quot;:&quot;slideshow&quot;,&quot;background_slideshow_gallery&quot;:[{&quot;id&quot;:73,&quot;url&quot;:&quot;https:\\\/\\\/www.bonzaistudio.fr\\\/wp-content\\\/uploads\\\/2026\\\/04\\\/BONZAI-STUDIO-3D-architecture-dijon.jpg&quot;},{&quot;id&quot;:58,&quot;url&quot;:&quot;https:\\\/\\\/www.bonzaistudio.fr\\\/wp-content\\\/uploads\\\/2026\\\/04\\\/studio-personnages-3D-anime-cassissium.jpg&quot;},{&quot;id&quot;:36,&quot;url&quot;:&quot;https:\\\/\\\/www.bonzaistudio.fr\\\/wp-content\\\/uploads\\\/2026\\\/04\\\/3d_dijon_marcdebourgogne.jpg&quot;},{&quot;id&quot;:31,&quot;url&quot;:&quot;https:\\\/\\\/www.bonzaistudio.fr\\\/wp-content\\\/uploads\\\/2026\\\/04\\\/animation3d-dijon-bonzaistudio-hipsafe-helite.jpg&quot;},{&quot;id&quot;:43,&quot;url&quot;:&quot;https:\\\/\\\/www.bonzaistudio.fr\\\/wp-content\\\/uploads\\\/2026\\\/04\\\/bonzai-studio-3D-tefal.jpg&quot;},{&quot;id&quot;:69,&quot;url&quot;:&quot;https:\\\/\\\/www.bonzaistudio.fr\\\/wp-content\\\/uploads\\\/2026\\\/04\\\/architecture-3d-dijon-bfc-gavignet-bonzai-studio.jpg&quot;},{&quot;id&quot;:35,&quot;url&quot;:&quot;https:\\\/\\\/www.bonzaistudio.fr\\\/wp-content\\\/uploads\\\/2026\\\/04\\\/bonzai-studio-visuel-science.jpg&quot;},{&quot;id&quot;:59,&quot;url&quot;:&quot;https:\\\/\\\/www.bonzaistudio.fr\\\/wp-content\\\/uploads\\\/2026\\\/04\\\/modelisation_personnage-7-point-zero-bonzai-studio.jpg&quot;},{&quot;id&quot;:49,&quot;url&quot;:&quot;https:\\\/\\\/www.bonzaistudio.fr\\\/wp-content\\\/uploads\\\/2026\\\/04\\\/modelisation-3D-produit-dijon.jpg&quot;},{&quot;id&quot;:75,&quot;url&quot;:&quot;https:\\\/\\\/www.bonzaistudio.fr\\\/wp-content\\\/uploads\\\/2026\\\/04\\\/bonzai-studio-animation-3d-architecture.jpg&quot;},{&quot;id&quot;:68,&quot;url&quot;:&quot;https:\\\/\\\/www.bonzaistudio.fr\\\/wp-content\\\/uploads\\\/2026\\\/04\\\/architechture-studio-3D-bonzai-studio.jpg&quot;},{&quot;id&quot;:41,&quot;url&quot;:&quot;https:\\\/\\\/www.bonzaistudio.fr\\\/wp-content\\\/uploads\\\/2026\\\/04\\\/animation-3d-publicite-vin-bourgogne-franche-comte-bonsai-studio-dijon.jpg&quot;},{&quot;id&quot;:37,&quot;url&quot;:&quot;https:\\\/\\\/www.bonzaistudio.fr\\\/wp-content\\\/uploads\\\/2026\\\/04\\\/animation-3d-Ficofi-bonzai-studio-dijon.jpg&quot;},{&quot;id&quot;:38,&quot;url&quot;:&quot;https:\\\/\\\/www.bonzaistudio.fr\\\/wp-content\\\/uploads\\\/2026\\\/04\\\/animation-3d-lagriffe-vin-bonzaistudio.jpg&quot;},{&quot;id&quot;:40,&quot;url&quot;:&quot;https:\\\/\\\/www.bonzaistudio.fr\\\/wp-content\\\/uploads\\\/2026\\\/04\\\/animation3D-produit-seb-dijon.jpg&quot;},{&quot;id&quot;:44,&quot;url&quot;:&quot;https:\\\/\\\/www.bonzaistudio.fr\\\/wp-content\\\/uploads\\\/2026\\\/04\\\/bonzai-studio-animation-3d-sirop.jpg&quot;},{&quot;id&quot;:46,&quot;url&quot;:&quot;https:\\\/\\\/www.bonzaistudio.fr\\\/wp-content\\\/uploads\\\/2026\\\/04\\\/cafe-studio-3D-dijon.jpg&quot;},{&quot;id&quot;:47,&quot;url&quot;:&quot;https:\\\/\\\/www.bonzaistudio.fr\\\/wp-content\\\/uploads\\\/2026\\\/04\\\/cafe-studio-3D-dijon-02.jpg&quot;},{&quot;id&quot;:48,&quot;url&quot;:&quot;https:\\\/\\\/www.bonzaistudio.fr\\\/wp-content\\\/uploads\\\/2026\\\/04\\\/Machine-grain-3d-bonzaistudio.jpg&quot;},{&quot;id&quot;:50,&quot;url&quot;:&quot;https:\\\/\\\/www.bonzaistudio.fr\\\/wp-content\\\/uploads\\\/2026\\\/04\\\/pneu-increvable-robert-boulain-animation-3d-bonzai-studio-dijon.jpg&quot;},{&quot;id&quot;:51,&quot;url&quot;:&quot;https:\\\/\\\/www.bonzaistudio.fr\\\/wp-content\\\/uploads\\\/2026\\\/04\\\/studio-3D-grillepain.jpg&quot;},{&quot;id&quot;:52,&quot;url&quot;:&quot;https:\\\/\\\/www.bonzaistudio.fr\\\/wp-content\\\/uploads\\\/2026\\\/04\\\/studio-animation-3D-chardesign.jpg&quot;},{&quot;id&quot;:53,&quot;url&quot;:&quot;https:\\\/\\\/www.bonzaistudio.fr\\\/wp-content\\\/uploads\\\/2026\\\/04\\\/voiture_bouteille-3D-animation.jpg&quot;},{&quot;id&quot;:32,&quot;url&quot;:&quot;https:\\\/\\\/www.bonzaistudio.fr\\\/wp-content\\\/uploads\\\/2026\\\/04\\\/3D-dijon-technique-Helite-airbag-DIJON-BFC.jpg&quot;},{&quot;id&quot;:62,&quot;url&quot;:&quot;https:\\\/\\\/www.bonzaistudio.fr\\\/wp-content\\\/uploads\\\/2026\\\/04\\\/bonzai-studio-3D-design-personnage.jpg&quot;},{&quot;id&quot;:64,&quot;url&quot;:&quot;https:\\\/\\\/www.bonzaistudio.fr\\\/wp-content\\\/uploads\\\/2026\\\/04\\\/bonzai-studio-animation-3D-personnage-cassissium.jpg&quot;},{&quot;id&quot;:65,&quot;url&quot;:&quot;https:\\\/\\\/www.bonzaistudio.fr\\\/wp-content\\\/uploads\\\/2026\\\/04\\\/realisation-animation-3d-generique-mycrazystuff-bonzaistudio-dijon.jpg&quot;},{&quot;id&quot;:67,&quot;url&quot;:&quot;https:\\\/\\\/www.bonzaistudio.fr\\\/wp-content\\\/uploads\\\/2026\\\/04\\\/architechture-studio-3D.jpg&quot;},{&quot;id&quot;:70,&quot;url&quot;:&quot;https:\\\/\\\/www.bonzaistudio.fr\\\/wp-content\\\/uploads\\\/2026\\\/04\\\/architecture-3d-dijon-bonzaistudio-bfc-gavignet.jpg&quot;},{&quot;id&quot;:60,&quot;url&quot;:&quot;https:\\\/\\\/www.bonzaistudio.fr\\\/wp-content\\\/uploads\\\/2026\\\/04\\\/personnage-design-3D-bonzai-studio-cassissium.jpg&quot;},{&quot;id&quot;:71,&quot;url&quot;:&quot;https:\\\/\\\/www.bonzaistudio.fr\\\/wp-content\\\/uploads\\\/2026\\\/04\\\/architecture-3D-SNCF-bonzai-studio.jpg&quot;},{&quot;id&quot;:76,&quot;url&quot;:&quot;https:\\\/\\\/www.bonzaistudio.fr\\\/wp-content\\\/uploads\\\/2026\\\/04\\\/bonzai-studio-animation-3d-architecture-02.jpg&quot;},{&quot;id&quot;:77,&quot;url&quot;:&quot;https:\\\/\\\/www.bonzaistudio.fr\\\/wp-content\\\/uploads\\\/2026\\\/04\\\/bonzai-studio-animation-3d-plan-architecture.jpg&quot;},{&quot;id&quot;:78,&quot;url&quot;:&quot;https:\\\/\\\/www.bonzaistudio.fr\\\/wp-content\\\/uploads\\\/2026\\\/04\\\/bonzai-studio-architecture-jour.jpg&quot;},{&quot;id&quot;:79,&quot;url&quot;:&quot;https:\\\/\\\/www.bonzaistudio.fr\\\/wp-content\\\/uploads\\\/2026\\\/04\\\/bonzai-studio-dijon-3D-architecture.jpg&quot;},{&quot;id&quot;:80,&quot;url&quot;:&quot;https:\\\/\\\/www.bonzaistudio.fr\\\/wp-content\\\/uploads\\\/2026\\\/04\\\/insertion_3d_projet_architecture_dijon.jpg&quot;},{&quot;id&quot;:81,&quot;url&quot;:&quot;https:\\\/\\\/www.bonzaistudio.fr\\\/wp-content\\\/uploads\\\/2026\\\/04\\\/perspective-3d-architectes-dijon-embassair.jpg&quot;},{&quot;id&quot;:82,&quot;url&quot;:&quot;https:\\\/\\\/www.bonzaistudio.fr\\\/wp-content\\\/uploads\\\/2026\\\/04\\\/perspective-architechture-bonzai-studio.jpg&quot;},{&quot;id&quot;:83,&quot;url&quot;:&quot;https:\\\/\\\/www.bonzaistudio.fr\\\/wp-content\\\/uploads\\\/2026\\\/04\\\/studio-3D-architecture-nuit-light.jpg&quot;},{&quot;id&quot;:84,&quot;url&quot;:&quot;https:\\\/\\\/www.bonzaistudio.fr\\\/wp-content\\\/uploads\\\/2026\\\/04\\\/vue-3D-moulin-nuit-light-site.jpg&quot;},{&quot;id&quot;:63,&quot;url&quot;:&quot;https:\\\/\\\/www.bonzaistudio.fr\\\/wp-content\\\/uploads\\\/2026\\\/04\\\/bonzai-studio-animation-3D-cassissium-personnage.jpg&quot;}],&quot;background_slideshow_lazyload&quot;:&quot;yes&quot;,&quot;background_slideshow_ken_burns&quot;:&quot;yes&quot;,&quot;background_slideshow_loop&quot;:&quot;yes&quot;,&quot;background_slideshow_slide_duration&quot;:5000,&quot;background_slideshow_slide_transition&quot;:&quot;fade&quot;,&quot;background_slideshow_transition_duration&quot;:500,&quot;background_slideshow_ken_burns_zoom_direction&quot;:&quot;in&quot;}\">\n\t\t<div class=\"elementor-element elementor-element-cb09f3c elementor-hidden-desktop elementor-hidden-tablet e-flex e-con-boxed e-con e-child\" data-id=\"cb09f3c\" data-element_type=\"container\" data-e-type=\"container\" data-settings=\"{&quot;background_background&quot;:&quot;classic&quot;}\">\n\t\t\t\t\t<div class=\"e-con-inner\">\n\t\t\t\t\t\t\t<h1 \n\t\tdata-interaction-id=\"7f9304d\" \n\t\tclass=\"e-7f9304d-c174acc e-heading-base\" \n\t\t \n\t\tdata-e-type=\"widget\" data-id=\"7f9304d\"\n\t>\n\t\n\t\t\tAnimations<br>&amp; images 3D&nbsp;<br>Motion Design\n\t\t<\/h1>\n\t\t\t\t<div class=\"elementor-element elementor-element-662b2f9 elementor-widget__width-initial elementor-widget elementor-widget-text-editor\" data-id=\"662b2f9\" data-element_type=\"widget\" data-e-type=\"widget\" data-widget_type=\"text-editor.default\">\n\t\t\t\t\t\t\t\t\t\n<p class=\"my-2 [&amp;+p]:mt-4 [&amp;_strong:has(+br)]:inline-block [&amp;_strong:has(+br)]:pb-2\"><\/p>\n<p class=\"my-2 [&amp;+p]:mt-4 [&amp;_strong:has(+br)]:inline-block [&amp;_strong:has(+br)]:pb-2\">Nous concevons des contenus 3D et de motion design sur mesure pour la communication, les m\u00e9dias, l\u2019industrie, la science et l\u2019architecture. De l\u2019\u00e9criture des synopsis \u00e0 la postproduction, nous ma\u00eetrisons l\u2019ensemble de la cha\u00eene cr\u00e9ative 3D\u202f: sc\u00e9narisation, animation, univers 3D temps r\u00e9el, habillage TV, \u00e9v\u00e9nements, character design et illustration.<br \/><a href=\"https:\/\/www.bonzaistudio.fr\/index.php\/projets-3d-et-video-motion-design\/\" rel=\"noopener\">D\u00e9couvrez ici une partie de nos projets non confidentiels<\/a><\/p>\n<p class=\"my-2 [&amp;+p]:mt-4 [&amp;_strong:has(+br)]:inline-block [&amp;_strong:has(+br)]:pb-2\"><\/p>\n\t\t\t\t\t\t\t\t<\/div>\n\t\t\t\t\t<\/div>\n\t\t\t\t<\/div>\n\t\t<div class=\"elementor-element elementor-element-83641c6 elementor-hidden-mobile e-flex e-con-boxed e-con e-child\" data-id=\"83641c6\" data-element_type=\"container\" data-e-type=\"container\" data-settings=\"{&quot;background_background&quot;:&quot;classic&quot;}\">\n\t\t\t\t\t<div class=\"e-con-inner\">\n\t\t\t\t\t\t\t<h1 \n\t\tdata-interaction-id=\"1e89b27\" \n\t\tclass=\"e-1e89b27-6d00d49 e-heading-base\" \n\t\t \n\t\tdata-e-type=\"widget\" data-id=\"1e89b27\"\n\t>\n\t\n\t\t\tAnimations<br>&amp; images 3D&nbsp;<br>Motion Design\n\t\t<\/h1>\n\t\t\t\t<div class=\"elementor-element elementor-element-e6cb8ae elementor-widget__width-initial elementor-widget elementor-widget-text-editor\" data-id=\"e6cb8ae\" data-element_type=\"widget\" data-e-type=\"widget\" data-widget_type=\"text-editor.default\">\n\t\t\t\t\t\t\t\t\t\n<p class=\"my-2 [&amp;+p]:mt-4 [&amp;_strong:has(+br)]:inline-block [&amp;_strong:has(+br)]:pb-2\">Nous concevons des contenus 3D et de motion design sur mesure pour la communication, les m\u00e9dias, l\u2019industrie, la science et l\u2019architecture. De l\u2019\u00e9criture des synopsis \u00e0 la postproduction, nous ma\u00eetrisons l\u2019ensemble de la cha\u00eene cr\u00e9ative 3D\u202f: sc\u00e9narisation, animation, univers 3D temps r\u00e9el, habillage TV, \u00e9v\u00e9nements, character design et illustration.<br \/><a href=\"https:\/\/www.bonzaistudio.fr\/index.php\/projets-3d-et-video-motion-design\/\" rel=\"noopener\">D\u00e9couvrez ici une partie de nos projets non confidentiels<\/a><\/p>\n\t\t\t\t\t\t\t\t<\/div>\n\t\t\t\t\t<\/div>\n\t\t\t\t<\/div>\n\t\t\t\t<\/div>\n\t\t<div class=\"elementor-element elementor-element-26666e0 e-flex e-con-boxed e-con e-parent\" data-id=\"26666e0\" data-element_type=\"container\" data-e-type=\"container\" data-settings=\"{&quot;background_background&quot;:&quot;classic&quot;,&quot;background_motion_fx_motion_fx_scrolling&quot;:&quot;yes&quot;,&quot;background_motion_fx_devices&quot;:[&quot;desktop&quot;,&quot;tablet&quot;,&quot;mobile&quot;]}\">\n\t\t\t\t\t<div class=\"e-con-inner\">\n\t\t\t\t<div class=\"elementor-element elementor-element-1f93db9 e-con e-atomic-element e-flexbox-base e-1f93db9-918d24f\" data-id=\"1f93db9\" data-element_type=\"e-flexbox\" data-e-type=\"e-flexbox\" data-interaction-id=\"1f93db9\" data-e-type=\"e-flexbox\" data-id=\"1f93db9\">\n\t\t\t\t<div class=\"elementor-element elementor-element-7dc994b elementor-widget elementor-widget-text-editor\" data-id=\"7dc994b\" data-element_type=\"widget\" data-e-type=\"widget\" data-widget_type=\"text-editor.default\">\n\t\t\t\t\t\t\t\t\t\n<p class=\"my-2 [&amp;+p]:mt-4 [&amp;_strong:has(+br)]:inline-block [&amp;_strong:has(+br)]:pb-2\">Images &amp; animations 3D<\/p>\n\t\t\t\t\t\t\t\t<\/div>\n\t\t\t\t<div class=\"elementor-element elementor-element-daf7b41 elementor-widget elementor-widget-text-editor\" data-id=\"daf7b41\" data-element_type=\"widget\" data-e-type=\"widget\" data-widget_type=\"text-editor.default\">\n\t\t\t\t\t\t\t\t\t<p>Depuis la conception jusqu\u2019\u00e0 la sc\u00e9narisation et la mod\u00e9lisation, nous donnons forme \u00e0 des univers en 3D.<br \/>Notre m\u00e9tier, c\u2019est de cr\u00e9er des images 3D fixes et des animations 3D qui racontent, expliquent et valorisent.<br \/>Nous intervenons sur des projets vari\u00e9s\u202f: publicit\u00e9s, pr\u00e9sentations produits, habillages TV, prototypes, d\u00e9monstrations industrielles ou scientifiques, animations p\u00e9dagogiques et character design.<\/p>\n<p><!-- \/wp:paragraph --><\/p>\t\t\t\t\t\t\t\t<\/div>\n\t\t\t\t<\/div>\n\t\t\t\t<div class=\"elementor-element elementor-element-ea9d54d e-con e-atomic-element e-flexbox-base e-ea9d54d-280efd0\" data-id=\"ea9d54d\" data-element_type=\"e-flexbox\" data-e-type=\"e-flexbox\" data-interaction-id=\"ea9d54d\" data-e-type=\"e-flexbox\" data-id=\"ea9d54d\">\n\t\t\t\t<div class=\"elementor-element elementor-element-764aa26 elementor-widget elementor-widget-text-editor\" data-id=\"764aa26\" data-element_type=\"widget\" data-e-type=\"widget\" data-widget_type=\"text-editor.default\">\n\t\t\t\t\t\t\t\t\t<!-- wp:paragraph -->\n<p class=\"my-2 [&amp;+p]:mt-4 [&amp;_strong:has(+br)]:inline-block [&amp;_strong:has(+br)]:pb-2\">Motion design<\/p>\n<!-- \/wp:paragraph -->\t\t\t\t\t\t\t\t<\/div>\n\t\t\t\t<div class=\"elementor-element elementor-element-b2e5085 elementor-widget elementor-widget-text-editor\" data-id=\"b2e5085\" data-element_type=\"widget\" data-e-type=\"widget\" data-widget_type=\"text-editor.default\">\n\t\t\t\t\t\t\t\t\t<!-- wp:paragraph -->\n<p><strong>Notre fa\u00e7on de donner vie aux id\u00e9es.<\/strong><br \/>Nous racontons des histoires en mouvement, que ce soit pour expliquer un concept, valoriser une marque ou cr\u00e9er une \u00e9motion, pour un rapport d&rsquo;activit\u00e9, une plublicit\u00e9 sur panneau d&rsquo;affichage, un contenu web, pour une campagne, etc.<\/p>\n<!-- \/wp:paragraph -->\t\t\t\t\t\t\t\t<\/div>\n\t\t\t\t<\/div>\n\t\t\t\t<div class=\"elementor-element elementor-element-5db0a4d e-con e-atomic-element e-flexbox-base e-5db0a4d-6726444\" data-id=\"5db0a4d\" data-element_type=\"e-flexbox\" data-e-type=\"e-flexbox\" data-interaction-id=\"5db0a4d\" data-e-type=\"e-flexbox\" data-id=\"5db0a4d\">\n\t\t\t\t<div class=\"elementor-element elementor-element-1310b34 elementor-widget elementor-widget-text-editor\" data-id=\"1310b34\" data-element_type=\"widget\" data-e-type=\"widget\" data-widget_type=\"text-editor.default\">\n\t\t\t\t\t\t\t\t\t<!-- wp:paragraph -->\n<p class=\"my-2 [&amp;+p]:mt-4 [&amp;_strong:has(+br)]:inline-block [&amp;_strong:has(+br)]:pb-2\">POST-production<\/p>\n<!-- \/wp:paragraph -->\t\t\t\t\t\t\t\t<\/div>\n\t\t\t\t<div class=\"elementor-element elementor-element-bdde5d7 elementor-widget elementor-widget-text-editor\" data-id=\"bdde5d7\" data-element_type=\"widget\" data-e-type=\"widget\" data-widget_type=\"text-editor.default\">\n\t\t\t\t\t\t\t\t\t<!-- wp:paragraph -->\n<p class=\"my-2 [&amp;+p]:mt-4 [&amp;_strong:has(+br)]:inline-block [&amp;_strong:has(+br)]:pb-2\">Nos prestations s\u2019\u00e9tendent \u00e0 l\u2019univers de la vid\u00e9o et de la post\u2011production : montage, \u00e9talonnage, sound\u2011design, composition musicale, mixage et VFX.<\/p>\n<!-- \/wp:paragraph -->\t\t\t\t\t\t\t\t<\/div>\n\t\t\t\t<\/div>\n\t\t\t\t\t<\/div>\n\t\t\t\t<\/div>\n\t\t<div class=\"elementor-element elementor-element-dbd0694 e-flex e-con-boxed e-con e-parent\" data-id=\"dbd0694\" data-element_type=\"container\" data-e-type=\"container\" data-settings=\"{&quot;background_background&quot;:&quot;classic&quot;}\">\n\t\t\t\t\t<div class=\"e-con-inner\">\n\t\t<div class=\"elementor-element elementor-element-14bb575 e-con-full e-flex e-con e-child\" data-id=\"14bb575\" data-element_type=\"container\" data-e-type=\"container\">\n\t\t\t\t<div class=\"elementor-element elementor-element-1152814 elementor-widget__width-initial elementor-widget elementor-widget-video\" data-id=\"1152814\" data-element_type=\"widget\" data-e-type=\"widget\" data-settings=\"{&quot;youtube_url&quot;:&quot;https:\\\/\\\/www.youtube.com\\\/watch?v=mCohYAbEOwU&quot;,&quot;autoplay&quot;:&quot;yes&quot;,&quot;loop&quot;:&quot;yes&quot;,&quot;video_type&quot;:&quot;youtube&quot;,&quot;controls&quot;:&quot;yes&quot;}\" data-widget_type=\"video.default\">\n\t\t\t\t\t\t\t<div class=\"elementor-wrapper elementor-open-inline\">\n\t\t\t<div class=\"elementor-video\"><\/div>\t\t<\/div>\n\t\t\t\t\t\t<\/div>\n\t\t\t\t<\/div>\n\t\t<div class=\"elementor-element elementor-element-67ff205 e-con-full e-flex e-con e-child\" data-id=\"67ff205\" data-element_type=\"container\" data-e-type=\"container\">\n\t\t\t\t<div class=\"elementor-element elementor-element-66d3011 elementor-widget elementor-widget-text-editor\" data-id=\"66d3011\" data-element_type=\"widget\" data-e-type=\"widget\" data-widget_type=\"text-editor.default\">\n\t\t\t\t\t\t\t\t\t<!-- wp:paragraph -->\n<p><strong>Notre site en cours de modification, une nouvelle bande d\u00e9mo arrive !<\/strong><br \/>Notre bande d\u00e9mo est actuellement en pr\u00e9paration. Revenez tr\u00e8s bient\u00f4t sur ce site pour d\u00e9couvrir quelques-uns des nouveaux projets qui nous ont \u00e9t\u00e9 confi\u00e9s.<\/p>\n<!-- \/wp:paragraph -->\t\t\t\t\t\t\t\t<\/div>\n\t\t\t\t<\/div>\n\t\t\t\t\t<\/div>\n\t\t\t\t<\/div>\n\t\t<div class=\"elementor-element elementor-element-8154ba1 e-flex e-con-boxed e-con e-parent\" data-id=\"8154ba1\" data-element_type=\"container\" data-e-type=\"container\">\n\t\t\t\t\t<div class=\"e-con-inner\">\n\t\t\t\t<div class=\"elementor-element elementor-element-08780f0 elementor-widget elementor-widget-image-carousel\" data-id=\"08780f0\" data-element_type=\"widget\" data-e-type=\"widget\" data-settings=\"{&quot;slides_to_show&quot;:&quot;6&quot;,&quot;navigation&quot;:&quot;none&quot;,&quot;lazyload&quot;:&quot;yes&quot;,&quot;autoplay&quot;:&quot;yes&quot;,&quot;autoplay_speed&quot;:5000,&quot;infinite&quot;:&quot;yes&quot;,&quot;speed&quot;:500}\" data-widget_type=\"image-carousel.default\">\n\t\t\t\t\t\t\t<div class=\"elementor-image-carousel-wrapper swiper\" role=\"region\" aria-roledescription=\"carousel\" aria-label=\"Carrousel d\u2019images\" dir=\"ltr\">\n\t\t\t<div class=\"elementor-image-carousel swiper-wrapper\" aria-live=\"off\">\n\t\t\t\t\t\t\t\t<div class=\"swiper-slide\" role=\"group\" aria-roledescription=\"slide\" aria-label=\"1 sur 11\"><figure class=\"swiper-slide-inner\"><img class=\"swiper-slide-image swiper-lazy\" data-src=\"https:\/\/www.bonzaistudio.com\/wp-content\/uploads\/2026\/04\/cea-300x150.jpg\" alt=\"cea\" \/><div class=\"swiper-lazy-preloader\"><\/div><\/figure><\/div><div class=\"swiper-slide\" role=\"group\" aria-roledescription=\"slide\" aria-label=\"2 sur 11\"><figure class=\"swiper-slide-inner\"><img class=\"swiper-slide-image swiper-lazy\" data-src=\"https:\/\/www.bonzaistudio.com\/wp-content\/uploads\/2026\/04\/cnrs-300x150.jpg\" alt=\"cnrs\" \/><div class=\"swiper-lazy-preloader\"><\/div><\/figure><\/div><div class=\"swiper-slide\" role=\"group\" aria-roledescription=\"slide\" aria-label=\"3 sur 11\"><figure class=\"swiper-slide-inner\"><img class=\"swiper-slide-image swiper-lazy\" data-src=\"https:\/\/www.bonzaistudio.com\/wp-content\/uploads\/2026\/04\/creditagricole-300x150.jpg\" alt=\"creditagricole\" \/><div class=\"swiper-lazy-preloader\"><\/div><\/figure><\/div><div class=\"swiper-slide\" role=\"group\" aria-roledescription=\"slide\" aria-label=\"4 sur 11\"><figure class=\"swiper-slide-inner\"><img class=\"swiper-slide-image swiper-lazy\" data-src=\"https:\/\/www.bonzaistudio.com\/wp-content\/uploads\/2026\/04\/darksmileproduction-300x150.jpg\" alt=\"darksmileproduction\" \/><div class=\"swiper-lazy-preloader\"><\/div><\/figure><\/div><div class=\"swiper-slide\" role=\"group\" aria-roledescription=\"slide\" aria-label=\"5 sur 11\"><figure class=\"swiper-slide-inner\"><img class=\"swiper-slide-image swiper-lazy\" data-src=\"https:\/\/www.bonzaistudio.com\/wp-content\/uploads\/2026\/04\/embassair-group-300x150.jpg\" alt=\"embassair-group\" \/><div class=\"swiper-lazy-preloader\"><\/div><\/figure><\/div><div class=\"swiper-slide\" role=\"group\" aria-roledescription=\"slide\" aria-label=\"6 sur 11\"><figure class=\"swiper-slide-inner\"><img class=\"swiper-slide-image swiper-lazy\" data-src=\"https:\/\/www.bonzaistudio.com\/wp-content\/uploads\/2026\/04\/france-television-300x150.jpg\" alt=\"france-television\" \/><div class=\"swiper-lazy-preloader\"><\/div><\/figure><\/div><div class=\"swiper-slide\" role=\"group\" aria-roledescription=\"slide\" aria-label=\"7 sur 11\"><figure class=\"swiper-slide-inner\"><img class=\"swiper-slide-image swiper-lazy\" data-src=\"https:\/\/www.bonzaistudio.com\/wp-content\/uploads\/2026\/04\/global-grain-solution-300x150.jpg\" alt=\"global-grain-solution\" \/><div class=\"swiper-lazy-preloader\"><\/div><\/figure><\/div><div class=\"swiper-slide\" role=\"group\" aria-roledescription=\"slide\" aria-label=\"8 sur 11\"><figure class=\"swiper-slide-inner\"><img class=\"swiper-slide-image swiper-lazy\" data-src=\"https:\/\/www.bonzaistudio.com\/wp-content\/uploads\/2026\/04\/groupeseb-300x150.jpg\" alt=\"groupeseb\" \/><div class=\"swiper-lazy-preloader\"><\/div><\/figure><\/div><div class=\"swiper-slide\" role=\"group\" aria-roledescription=\"slide\" aria-label=\"9 sur 11\"><figure class=\"swiper-slide-inner\"><img class=\"swiper-slide-image swiper-lazy\" data-src=\"https:\/\/www.bonzaistudio.com\/wp-content\/uploads\/2026\/04\/helite-300x150.jpg\" alt=\"helite\" \/><div class=\"swiper-lazy-preloader\"><\/div><\/figure><\/div><div class=\"swiper-slide\" role=\"group\" aria-roledescription=\"slide\" aria-label=\"10 sur 11\"><figure class=\"swiper-slide-inner\"><img class=\"swiper-slide-image swiper-lazy\" data-src=\"https:\/\/www.bonzaistudio.com\/wp-content\/uploads\/2026\/04\/suez-300x150.jpg\" alt=\"suez\" \/><div class=\"swiper-lazy-preloader\"><\/div><\/figure><\/div><div class=\"swiper-slide\" role=\"group\" aria-roledescription=\"slide\" aria-label=\"11 sur 11\"><figure class=\"swiper-slide-inner\"><img class=\"swiper-slide-image swiper-lazy\" data-src=\"https:\/\/www.bonzaistudio.com\/wp-content\/uploads\/2026\/04\/tetrapack-300x150.jpg\" alt=\"tetrapack\" \/><div class=\"swiper-lazy-preloader\"><\/div><\/figure><\/div>\t\t\t<\/div>\n\t\t\t\t\t\t\t\n\t\t\t\t\t\t\t\t\t<\/div>\n\t\t\t\t\t\t<\/div>\n\t\t\t\t\t<\/div>\n\t\t\t\t<\/div>\n\t\t\t\t<\/div>\n\t\t","protected":false},"excerpt":{"rendered":"<p>Animations&amp; images 3D&nbsp;Motion Design Nous concevons des contenus 3D et de motion design sur mesure pour la communication, les m\u00e9dias, l\u2019industrie, la science et l\u2019architecture. De l\u2019\u00e9criture des synopsis \u00e0 la postproduction, nous ma\u00eetrisons l\u2019ensemble de la cha\u00eene cr\u00e9ative 3D\u202f: sc\u00e9narisation, animation, univers 3D temps r\u00e9el, habillage TV, \u00e9v\u00e9nements, character design et illustration.D\u00e9couvrez ici une [&hellip;]<\/p>\n","protected":false},"author":1,"featured_media":0,"parent":0,"menu_order":0,"comment_status":"closed","ping_status":"open","template":"","meta":{"footnotes":""},"class_list":["post-2","page","type-page","status-publish","hentry"],"_links":{"self":[{"href":"https:\/\/www.bonzaistudio.com\/index.php\/wp-json\/wp\/v2\/pages\/2","targetHints":{"allow":["GET"]}}],"collection":[{"href":"https:\/\/www.bonzaistudio.com\/index.php\/wp-json\/wp\/v2\/pages"}],"about":[{"href":"https:\/\/www.bonzaistudio.com\/index.php\/wp-json\/wp\/v2\/types\/page"}],"author":[{"embeddable":true,"href":"https:\/\/www.bonzaistudio.com\/index.php\/wp-json\/wp\/v2\/users\/1"}],"replies":[{"embeddable":true,"href":"https:\/\/www.bonzaistudio.com\/index.php\/wp-json\/wp\/v2\/comments?post=2"}],"version-history":[{"count":133,"href":"https:\/\/www.bonzaistudio.com\/index.php\/wp-json\/wp\/v2\/pages\/2\/revisions"}],"predecessor-version":[{"id":525,"href":"https:\/\/www.bonzaistudio.com\/index.php\/wp-json\/wp\/v2\/pages\/2\/revisions\/525"}],"wp:attachment":[{"href":"https:\/\/www.bonzaistudio.com\/index.php\/wp-json\/wp\/v2\/media?parent=2"}],"curies":[{"name":"wp","href":"https:\/\/api.w.org\/{rel}","templated":true}]}}